{"id":997,"date":"2019-01-16T22:25:50","date_gmt":"2019-01-16T21:25:50","guid":{"rendered":"https:\/\/www.sgdf-lorette.fr\/?page_id=997"},"modified":"2019-01-28T23:21:12","modified_gmt":"2019-01-28T22:21:12","slug":"bienvenue","status":"publish","type":"page","link":"https:\/\/www.sgdf-lorette.fr\/","title":{"rendered":"Bienvenue"},"content":{"rendered":"\n<p> Voici le tout nouveau site du groupe Notre-Dame de Lorette ! <\/p>\n\n\n\n<p>Vous trouverez ici toutes les informations concernant les unit\u00e9s, les dates de r\u00e9unions, les photos des activit\u00e9s, et plein d&rsquo;autres choses ! <br><br>Pour nous rejoindre, il vous suffit de <a href=\"https:\/\/www.sgdf-lorette.fr\/?page_id=899\">nous \u00e9crire&#8230;<\/a><br><\/p>\n\n\n\n<figure class=\"wp-block-image is-resized\"><img loading=\"lazy\" decoding=\"async\" src=\"https:\/\/www.sgdf-lorette.fr\/wp-content\/uploads\/2019\/01\/sgdf-1.gif\" alt=\"\" class=\"wp-image-1058\" width=\"288\" height=\"131\"\/><\/figure>\n\n\n\n<figure class=\"wp-block-image\"><img loading=\"lazy\" decoding=\"async\" width=\"298\" height=\"137\" src=\"https:\/\/www.sgdf-lorette.fr\/wp-content\/uploads\/2019\/01\/omms-amge.png\" alt=\"\" class=\"wp-image-1059\"\/><\/figure>\n","protected":false},"excerpt":{"rendered":"<p>Voici le tout nouveau site du groupe Notre-Dame de Lorette ! Vous trouverez ici toutes les informations concernant les unit\u00e9s, les dates de r\u00e9unions, les photos des activit\u00e9s, et plein d&rsquo;autres choses ! Pour nous rejoindre, il vous suffit de nous \u00e9crire&#8230;<\/p>\n","protected":false},"author":1,"featured_media":0,"parent":0,"menu_order":0,"comment_status":"closed","ping_status":"closed","template":"","meta":{"ngg_post_thumbnail":0,"footnotes":""},"class_list":["post-997","page","type-page","status-publish","hentry"],"_links":{"self":[{"href":"https:\/\/www.sgdf-lorette.fr\/index.php?rest_route=\/wp\/v2\/pages\/997","targetHints":{"allow":["GET"]}}],"collection":[{"href":"https:\/\/www.sgdf-lorette.fr\/index.php?rest_route=\/wp\/v2\/pages"}],"about":[{"href":"https:\/\/www.sgdf-lorette.fr\/index.php?rest_route=\/wp\/v2\/types\/page"}],"author":[{"embeddable":true,"href":"https:\/\/www.sgdf-lorette.fr\/index.php?rest_route=\/wp\/v2\/users\/1"}],"replies":[{"embeddable":true,"href":"https:\/\/www.sgdf-lorette.fr\/index.php?rest_route=%2Fwp%2Fv2%2Fcomments&post=997"}],"version-history":[{"count":7,"href":"https:\/\/www.sgdf-lorette.fr\/index.php?rest_route=\/wp\/v2\/pages\/997\/revisions"}],"predecessor-version":[{"id":1060,"href":"https:\/\/www.sgdf-lorette.fr\/index.php?rest_route=\/wp\/v2\/pages\/997\/revisions\/1060"}],"wp:attachment":[{"href":"https:\/\/www.sgdf-lorette.fr\/index.php?rest_route=%2Fwp%2Fv2%2Fmedia&parent=997"}],"curies":[{"name":"wp","href":"https:\/\/api.w.org\/{rel}","templated":true}]}}