{"id":887,"date":"2019-01-14T10:53:55","date_gmt":"2019-01-14T09:53:55","guid":{"rendered":"https:\/\/www.sgdf-lorette.fr\/?page_id=887"},"modified":"2019-02-06T19:45:24","modified_gmt":"2019-02-06T18:45:24","slug":"actualites-scouts-et-guides","status":"publish","type":"page","link":"https:\/\/www.sgdf-lorette.fr\/?page_id=887","title":{"rendered":"Actualit\u00e9s Scouts et Guides"},"content":{"rendered":"\n<p>6 f\u00e9vrier 2019<\/p>\n\n\n\n<p>Bonjour \u00e0 toutes et \u00e0 tous, <br>Apr\u00e8s avoir bien r\u00e9fl\u00e9chi en ma\u00eetrise, nous avons pris la d\u00e9cision de reporter le WE d\u2019\u00e9quipages. <br>Les trop grosses incertitudes logistiques sur les lieux,et la volont\u00e9 de peaufiner un peu la pr\u00e9paration des jeunes nous poussent \u00e0 ne pas laisser les jeunes partir dans des conditions qui ne sont pas compl\u00e8tement favorables. <br>Ce WE est bien report\u00e9 et non annul\u00e9. <br>Il n&rsquo;y aura donc \u00e9galement pas de r\u00e9union pour les intendants jeudi car pas de nourriture \u00e0 acheter. <br>Pour ce qui est de la date, le mois de mai, o\u00f9 nous n\u2019avions pas pr\u00e9vu initialement de r\u00e9union, nous semble indiqu\u00e9. Voici le sondage suivant : (sondage \u00e0 ins\u00e9rer) qui vas nous permettre de savoir quel WE du mois de mai est le plus favorable pour tous. Nous avons choisi le mois de mai car il est \u00e9galement assez loin dans l\u2019ann\u00e9e pour vous permettre de vous organiser, sans avoir \u00e0 priori \u00e0 devoir changer des plans d\u00e9j\u00e0 pr\u00e9vus. <br>Nous comprenons que ce report puisse d\u00e9cevoir certains des jeunes, il en est de m\u00eame pour nous. <br>C\u2019est pourquoi nous invitons les scouts-guides \u00e0 nous retrouver dimanche, \u00e0 10h30 devant l&rsquo;\u00e9glise Notre Dame de Lorette pour la messe, et ensuite de vivre des jeux et autres activit\u00e9s qui vont leur permettre de mieux se pr\u00e9parer \u00e0 la rencontre entre eux et les scouts \u00e9trangers avec qui nous seront jumel\u00e9s cet \u00e9t\u00e9. <br>Il est demand\u00e9 \u00e0 chacun des jeunes d\u2019amener un pic-nic et ses id\u00e9es de comment pr\u00e9senter l\u2019unit\u00e9 \u00e0 d\u2019autres gens. <br>Merci beaucoup \u00e0 tous et toutes de votre implication, votre aide dans la pr\u00e9paration de ce WE d&rsquo;\u00e9quipage que nous allons pouvoir peaufiner encore plus afin de permettre aux jeunes de vivre pleinement ce temps fort de l\u2019ann\u00e9e. <br>Merci beaucoup \u00e0 tous.<br>Constantin, <br>pour <br>La ma\u00eetrise Scouts-Guides <br>Notre-Dame de Lorette<\/p>\n\n\n\n<p><br>30 janvier 2019<\/p>\n\n\n\n<p>Bonsoir \u00e0 tous,\u00a0merci \u00e0 tous les parents qui \u00e9taient pr\u00e9sents \u00e0 la  r\u00e9union, et \u00e0 ceux qui n&rsquo;\u00e9taient pas pr\u00e9sents mais avaient pr\u00e9venu. Nous  enverrons un mail \u00e0 ceux qui n&rsquo;\u00e9taient pas pr\u00e9sents et n&rsquo;avaient pas  pr\u00e9venu, pour voir avec eux si il est envisageable ou non que leur  enfant parte en WE d&rsquo;\u00e9quipages.\u00a0Voici en suivant le lien suivant le PowerPoint de la r\u00e9union, qui r\u00e9sume globalement ce qui s&rsquo;est dit :\u00a0<a href=\"https:\/\/docs.google.com\/presentation\/d\/1bd3lcBvoCCWaQc3LD5tg7_DNvz3_CBINOe_9HbIIBVU\/edit?usp=sharing\">https:\/\/docs.google.com\/presentation\/d\/1bd3lcBvoCCWaQc3LD5tg7_DNvz3_CBINOe_9HbIIBVU\/edit?usp=sharing<\/a>Pour  les parents qui \u00e9taient absents, n&rsquo;h\u00e9sitez pas \u00e0 me signaler par sms au  07.81.40.83.98 si vous avez besoin d&rsquo;infos\/r\u00e9ponses suppl\u00e9mentaires, je  vous appellerai si besoin.\u00a0Je rappelle aux pilotes qu&rsquo;ils  auront donc r\u00e9union dimanche avec Arabela (horaire \u00e0 confirmer, mais  j&rsquo;ai cru comprendre qu&rsquo;elle envisageait une formule messe+d\u00e9jeuner avec  les pilotes).Merci aux pilotes de venir avec l&rsquo;ensemble des  pr\u00e9parations accomplies par les personnes de leur \u00e9quipage (format  cahier si possible).Enfin, nous vous tiendrons au courant des avanc\u00e9es en mati\u00e8re de lieu d\u00e8s qu&rsquo;il y en aura<\/p>\n\n\n\n<p>Merci beaucoup \u00e0 tous et \u00e0 bient\u00f4t,<\/p>\n\n\n\n<p>Constantin,<br>pour La ma\u00eetrise Scouts-Guides&nbsp;Notre Dame de Lorette<\/p>\n\n\n\n<p><\/p>\n\n\n\n<p>Bonjour \u00e0 toutes et tous, <br>ceci est un mail de relance et d\u2019informations compl\u00e9mentaires. <br>Pour le moment, nous n\u2019avons que 8 r\u00e9ponses pour la r\u00e9union du 20 janvier. <br>Merci d\u2019indiquer comme usuellement si votre enfant vient, si ce n\u2019est pas d\u00e9j\u00e0 fait : <br><a href=\"https:\/\/scoodle.latoilescoute.net\/wsLQ2qpAjrGKsXmB\">https:\/\/scoodle.latoilescoute.net\/wsLQ2qpAjrGKsXmB<\/a> <br>De\n plus, nous n\u2019avons eu aucune r\u00e9ponse concernant des id\u00e9es de lieux, que\n ce soit pour les WE d\u2019\u00e9quipage, ou le camp d\u2019\u00e9t\u00e9. La ma\u00eetrise fait son \nmaximum pour trouver des lieux pour camper mais notre carnet d\u2019adresse \nest restreint et nous avons vraiment besoin de votre aide. <br>Si vous \navez des id\u00e9es de lieu de WE ou de camp, ou besoin de voir quelles sont \nles contraintes que nous avons pour ces lieux, merci d\u2019aller voir le \nmail du jeudi 20 d\u00e9cembre<\/p>\n\n\n\n<p>Une r\u00e9union parents-chefs se tiendra le 30 janvier \u00e0 20h au local Choron. <br>Nous vous parlerons du WE d\u2019\u00e9quipage, du projet d\u2019ann\u00e9e et de camp, et des dates \u00e0 venir.<\/p>\n\n\n\n<p>Pour ce qui est des prochaines r\u00e9unions avec les jeunes, ceux-ci sont\n attendus le 20 janvier sur le parvis de l\u2019\u00e9glise Notre-Dame de Lorette \u00e0\n 10h30. Cette journ\u00e9e sera l\u2019occasion de commencer \u00e0 pr\u00e9parer les WE \nd\u2019\u00e9quipage, mais \u00e9galement de visionner les r\u00e9trospectives de camp, de \n15h30 \u00e0 17h30. Pour les r\u00e9trospectives, non seulement sont convi\u00e9s les \njeunes mais sont \u00e9galement attendus les parents, familles, amis etc\u2026 \nC\u2019est un moment important pour chacun de vos enfants, o\u00f9 vous pouvez \nvoir un extrait de ce qu\u2019il ou elle vit pendant son camp d\u2019\u00e9t\u00e9. <br>Nous comptons donc sur votre pr\u00e9sence le 20 et le 30 janvier, et sur celle de votre enfant le 20.<br>Merci beaucoup et \u00e0 bient\u00f4t,<\/p>\n\n\n\n<p>Constantin, <br> pour <br> La ma\u00eetrise Scouts-Guides <br> Notre Dame de Lorette<\/p>\n\n\n\n<p>PS : d\u2019autres mails ont \u00e9t\u00e9 envoy\u00e9s : un pour tous les parents que \nnous avons list\u00e9s comme poss\u00e9dant une voiture et un pour les parents des\n pilotes. Si vous avez une voiture mais que vous n\u2019avez pas re\u00e7u de \nmail, merci de nous le signaler.&nbsp;\u00bb<\/p>\n","protected":false},"excerpt":{"rendered":"<p>6 f\u00e9vrier 2019 Bonjour \u00e0 toutes et \u00e0 tous, Apr\u00e8s avoir bien r\u00e9fl\u00e9chi en ma\u00eetrise, nous avons pris la d\u00e9cision de reporter le WE d\u2019\u00e9quipages. Les trop grosses incertitudes logistiques sur les lieux,et la volont\u00e9 de peaufiner un peu la pr\u00e9paration des jeunes nous poussent \u00e0 ne pas laisser les jeunes partir dans des conditions [&hellip;]<\/p>\n","protected":false},"author":1,"featured_media":0,"parent":33,"menu_order":0,"comment_status":"closed","ping_status":"closed","template":"","meta":{"ngg_post_thumbnail":0,"footnotes":""},"class_list":["post-887","page","type-page","status-publish","hentry"],"_links":{"self":[{"href":"https:\/\/www.sgdf-lorette.fr\/index.php?rest_route=\/wp\/v2\/pages\/887","targetHints":{"allow":["GET"]}}],"collection":[{"href":"https:\/\/www.sgdf-lorette.fr\/index.php?rest_route=\/wp\/v2\/pages"}],"about":[{"href":"https:\/\/www.sgdf-lorette.fr\/index.php?rest_route=\/wp\/v2\/types\/page"}],"author":[{"embeddable":true,"href":"https:\/\/www.sgdf-lorette.fr\/index.php?rest_route=\/wp\/v2\/users\/1"}],"replies":[{"embeddable":true,"href":"https:\/\/www.sgdf-lorette.fr\/index.php?rest_route=%2Fwp%2Fv2%2Fcomments&post=887"}],"version-history":[{"count":7,"href":"https:\/\/www.sgdf-lorette.fr\/index.php?rest_route=\/wp\/v2\/pages\/887\/revisions"}],"predecessor-version":[{"id":1075,"href":"https:\/\/www.sgdf-lorette.fr\/index.php?rest_route=\/wp\/v2\/pages\/887\/revisions\/1075"}],"up":[{"embeddable":true,"href":"https:\/\/www.sgdf-lorette.fr\/index.php?rest_route=\/wp\/v2\/pages\/33"}],"wp:attachment":[{"href":"https:\/\/www.sgdf-lorette.fr\/index.php?rest_route=%2Fwp%2Fv2%2Fmedia&parent=887"}],"curies":[{"name":"wp","href":"https:\/\/api.w.org\/{rel}","templated":true}]}}