{"id":845,"date":"2019-01-13T22:16:24","date_gmt":"2019-01-13T21:16:24","guid":{"rendered":"https:\/\/www.sgdf-lorette.fr\/?page_id=845"},"modified":"2019-01-13T22:16:24","modified_gmt":"2019-01-13T21:16:24","slug":"actualites-farfadets","status":"publish","type":"page","link":"https:\/\/www.sgdf-lorette.fr\/?page_id=845","title":{"rendered":"Actualit\u00e9s Farfadets"},"content":{"rendered":"\n<p>Bonjour \u00e0 tous, et tous mes v\u0153ux \u00e0 vous et vos proches pour cette nouvelle ann\u00e9e !<br>La r\u00e9union du dimanche 20 janvier sera l\u2019occasion d\u2019une r\u00e9trospective des camps de 15h30 \u00e0 17h30.<br>Pas d\u2019animation parents ce week-end.<br>Le prochain rendez-vous sera le 3 f\u00e9vrier.<\/p>\n","protected":false},"excerpt":{"rendered":"<p>Bonjour \u00e0 tous, et tous mes v\u0153ux \u00e0 vous et vos proches pour cette nouvelle ann\u00e9e !La r\u00e9union du dimanche 20 janvier sera l\u2019occasion d\u2019une r\u00e9trospective des camps de 15h30 \u00e0 17h30.Pas d\u2019animation parents ce week-end.Le prochain rendez-vous sera le 3 f\u00e9vrier.<\/p>\n","protected":false},"author":1,"featured_media":0,"parent":130,"menu_order":0,"comment_status":"closed","ping_status":"closed","template":"page-templates\/fullwidth.php","meta":{"ngg_post_thumbnail":0,"footnotes":""},"class_list":["post-845","page","type-page","status-publish","hentry"],"_links":{"self":[{"href":"https:\/\/www.sgdf-lorette.fr\/index.php?rest_route=\/wp\/v2\/pages\/845","targetHints":{"allow":["GET"]}}],"collection":[{"href":"https:\/\/www.sgdf-lorette.fr\/index.php?rest_route=\/wp\/v2\/pages"}],"about":[{"href":"https:\/\/www.sgdf-lorette.fr\/index.php?rest_route=\/wp\/v2\/types\/page"}],"author":[{"embeddable":true,"href":"https:\/\/www.sgdf-lorette.fr\/index.php?rest_route=\/wp\/v2\/users\/1"}],"replies":[{"embeddable":true,"href":"https:\/\/www.sgdf-lorette.fr\/index.php?rest_route=%2Fwp%2Fv2%2Fcomments&post=845"}],"version-history":[{"count":1,"href":"https:\/\/www.sgdf-lorette.fr\/index.php?rest_route=\/wp\/v2\/pages\/845\/revisions"}],"predecessor-version":[{"id":846,"href":"https:\/\/www.sgdf-lorette.fr\/index.php?rest_route=\/wp\/v2\/pages\/845\/revisions\/846"}],"up":[{"embeddable":true,"href":"https:\/\/www.sgdf-lorette.fr\/index.php?rest_route=\/wp\/v2\/pages\/130"}],"wp:attachment":[{"href":"https:\/\/www.sgdf-lorette.fr\/index.php?rest_route=%2Fwp%2Fv2%2Fmedia&parent=845"}],"curies":[{"name":"wp","href":"https:\/\/api.w.org\/{rel}","templated":true}]}}