{"id":629,"date":"2018-10-20T19:15:11","date_gmt":"2018-10-20T17:15:11","guid":{"rendered":"https:\/\/www.sgdf-lorette.fr\/?page_id=629"},"modified":"2018-10-20T19:15:11","modified_gmt":"2018-10-20T17:15:11","slug":"infos-legales","status":"publish","type":"page","link":"https:\/\/www.sgdf-lorette.fr\/?page_id=629","title":{"rendered":"Infos l\u00e9gales"},"content":{"rendered":"<p>Ce site a \u00e9t\u00e9 cr\u00e9\u00e9 par le groupe \u00ab Notre-Dame de Lorette \u00bb, appartenant \u00e0 l&rsquo;association nationale des Scouts et Guides de France.<\/p>\n<p>Pour nous contacter :<\/p>\n<p>Administrateur du site<br \/>\nChristophe P\u00e9nicaut<br \/>\nsgdf.lorette@gmail.com \tAssociation Scouts et Guides de France<br \/>\nSi\u00e8ge social<br \/>\n65, rue de la Glaci\u00e8re<br \/>\n75013 Paris<br \/>\nT\u00e9l. : 01 44 52 37 37<br \/>\nH\u00e9bergeur : OVH<br \/>\nwww.ovh.com<br \/>\nSi\u00e8ge social : OVH<br \/>\nSi\u00e8ge social : 2 rue Kellermann &#8211; 59100 Roubaix &#8211; France<br \/>\nOVH : +33 9 72 10 10 07<br \/>\nLe contenu des pages est r\u00e9dig\u00e9 par des membres du groupe ou l\u00e9galement import\u00e9 des sites scouts territoriaux, r\u00e9gionaux ou nationaux.<\/p>\n<p>Nous avons demand\u00e9 aux personnes repr\u00e9sent\u00e9es sur les photos leur accord pour les publier. N\u00e9anmoins, toute personne figurant sur une photo peut demander le retrait du clich\u00e9 de nos pages.<br \/>\nLe site du groupe propose des liens vers d&rsquo;autres sites web. Ces liens sont pr\u00e9sent\u00e9s \u00e0 titre d&rsquo;information uniquement. Le groupe ne s&rsquo;engage pas quant au contenu de ces sites.<\/p>\n<p>Propri\u00e9t\u00e9 intellectuelle<br \/>\nSauf mention contraire, les textes et illustrations de ce site sont la propri\u00e9t\u00e9 exclusive de l\u2019association des Scouts et Guides de France. Ces \u00e9l\u00e9ments sont prot\u00e9g\u00e9s par les lois fran\u00e7aises et les textes internationaux relatifs au respect des droits d\u2019auteur et copyright. Les membres du groupe et l\u2019association des Scouts et Guides de France ne peut toutefois \u00eatre tenue pour responsable des textes sign\u00e9s par des r\u00e9dacteurs ext\u00e9rieurs, des documents fournis par ceux-ci et des opinions \u00e9mises. Celles-ci n\u2019engagent que leurs auteurs.<\/p>\n<p>La reproduction des \u00e9l\u00e9ments de ce site n\u2019est autoris\u00e9e qu\u2019\u00e0 des fins d\u2019information pour un usage strictement personnel et priv\u00e9. L\u2019utilisation commerciale de ces \u00e9l\u00e9ments est interdite sauf \u00e9ventuelle autorisation pr\u00e9alable des responsables du groupe \u00ab\u00a0Notre-Dame de Lorette &#8211; Saint Jean de Montmartre\u00a0\u00bb :<\/p>\n<p>    Reproduction sur support papier :<br \/>\n    \u00c0 l\u2019exception de l\u2019iconographie, la reproduction des pages de ce site sur un support papier est autoris\u00e9e, sous r\u00e9serve du respect des trois conditions suivantes :<br \/>\n    &#8211;  gratuit\u00e9 de la diffusion,<br \/>\n    &#8211;  respect de l\u2019int\u00e9grit\u00e9 des documents reproduits (aucune modification, ni alt\u00e9ration d\u2019aucune sorte),<br \/>\n    &#8211;  citation explicite du site et de l\u2019auteur comme source et mention que les droits de reproduction sont r\u00e9serv\u00e9s et strictement limit\u00e9s.<br \/>\n    Reproduction sur support \u00e9lectronique :<br \/>\n    La reproduction de tout ou partie de ce site sur un support \u00e9lectronique est autoris\u00e9e sous r\u00e9serve de l\u2019ajout de fa\u00e7on claire et lisible de la source et de la mention \u00ab\u00a0Droits r\u00e9serv\u00e9s\u00a0\u00bb. Les informations utilis\u00e9es ne doivent l\u2019\u00eatre qu\u2019\u00e0 des fins personnelles, associatives ou professionnelles ; toute utilisation \u00e0 des fins commerciales ou publicitaires est exclue.<br \/>\n    Cr\u00e9ation de liens vers le site :<br \/>\n    La mise en place d\u2019un lien hypertexte pointant vers un contenu est autoris\u00e9e, sous r\u00e9serve de mentionner la source qui pointera gr\u00e2ce \u00e0 un lien hypertexte directement sur le contenu vis\u00e9. Les informations utilis\u00e9es ne doivent l\u2019\u00eatre qu\u2019\u00e0 des fins personnelles, associatives ou professionnelles ; toute utilisation \u00e0 des fins commerciales ou publicitaires est exclue.<\/p>\n<p>Attention ! Cette autorisation ne s\u2019applique pas aux sites internet diffusant des informations \u00e0 caract\u00e8re pol\u00e9mique, pornographique, x\u00e9nophobe ou pouvant, dans une plus large mesure porter atteinte \u00e0 la sensibilit\u00e9 du plus grand nombre.<\/p>\n","protected":false},"excerpt":{"rendered":"<p>Ce site a \u00e9t\u00e9 cr\u00e9\u00e9 par le groupe \u00ab Notre-Dame de Lorette \u00bb, appartenant \u00e0 l&rsquo;association nationale des Scouts et Guides de France. Pour nous contacter : Administrateur du site Christophe P\u00e9nicaut sgdf.lorette@gmail.com Association Scouts et Guides de France Si\u00e8ge social 65, rue de la Glaci\u00e8re 75013 Paris T\u00e9l. : 01 44 52 37 37 [&hellip;]<\/p>\n","protected":false},"author":1,"featured_media":0,"parent":0,"menu_order":0,"comment_status":"closed","ping_status":"closed","template":"","meta":{"ngg_post_thumbnail":0,"footnotes":""},"class_list":["post-629","page","type-page","status-publish","hentry"],"_links":{"self":[{"href":"https:\/\/www.sgdf-lorette.fr\/index.php?rest_route=\/wp\/v2\/pages\/629","targetHints":{"allow":["GET"]}}],"collection":[{"href":"https:\/\/www.sgdf-lorette.fr\/index.php?rest_route=\/wp\/v2\/pages"}],"about":[{"href":"https:\/\/www.sgdf-lorette.fr\/index.php?rest_route=\/wp\/v2\/types\/page"}],"author":[{"embeddable":true,"href":"https:\/\/www.sgdf-lorette.fr\/index.php?rest_route=\/wp\/v2\/users\/1"}],"replies":[{"embeddable":true,"href":"https:\/\/www.sgdf-lorette.fr\/index.php?rest_route=%2Fwp%2Fv2%2Fcomments&post=629"}],"version-history":[{"count":1,"href":"https:\/\/www.sgdf-lorette.fr\/index.php?rest_route=\/wp\/v2\/pages\/629\/revisions"}],"predecessor-version":[{"id":630,"href":"https:\/\/www.sgdf-lorette.fr\/index.php?rest_route=\/wp\/v2\/pages\/629\/revisions\/630"}],"wp:attachment":[{"href":"https:\/\/www.sgdf-lorette.fr\/index.php?rest_route=%2Fwp%2Fv2%2Fmedia&parent=629"}],"curies":[{"name":"wp","href":"https:\/\/api.w.org\/{rel}","templated":true}]}}