{"id":37,"date":"2017-09-14T23:59:36","date_gmt":"2017-09-14T21:59:36","guid":{"rendered":"https:\/\/www.sgdf-lorette.fr\/?page_id=37"},"modified":"2018-12-14T19:06:25","modified_gmt":"2018-12-14T18:06:25","slug":"histoire-du-groupe","status":"publish","type":"page","link":"https:\/\/www.sgdf-lorette.fr\/?page_id=37","title":{"rendered":"Histoire du groupe"},"content":{"rendered":"\n<p>La 52<sup>e<\/sup> Paris a \u00e9t\u00e9 affili\u00e9e en 1929. Elle est fond\u00e9e sur la paroisse  \u00ab\u00a0Sainte Marie du Temple et Sainte \u00c9lisabeth \u00ab\u00a0, et prend le nom de Groupe Sainte-\u00c9lisabeth  <br>Une Meute de Louveteaux avait \u00e9t\u00e9 affili\u00e9e en d\u00e9cembre 1928 et semble avoir donn\u00e9 naissance au Groupe. Il adopte un <em>foulard bleu fonc\u00e9 avec une bordure bleu clair.<\/em><\/p>\n\n\n\n<p>Ses fondateurs seraient <strong>l\u2019Abb\u00e9 Ollier<\/strong>, Aum\u00f4nier, et <strong>Maurice Gen\u00eat<\/strong>, Scoutmestre.<\/p>\n\n\n\n<p>La Troupe a des activit\u00e9s de qualit\u00e9 d\u00e8s 1929, puisqu\u2019elle envoie une d\u00e9l\u00e9gation au 3<sup>e<\/sup>\n Jamboree Mondial de Birkenhead en Angleterre. Elle poursuit ses \nactivit\u00e9s entre 1930 et 1935, puis semble conna\u00eetre ensuite quelques \ndifficult\u00e9s<\/p>\n\n\n\n<p><strong> <em>Elle est suspendue en 1935<\/em>.<\/strong><\/p>\n\n\n\n<p>En 1937, elle est recr\u00e9\u00e9e sur la paroisse Notre-Dame de Lorette, 8 rue Choron, sur l\u2019initiative de Maurice Gen\u00eat, ancien Scoutmestre de Sainte Elisabeth, ce qui explique le maintien du num\u00e9ro de Troupe.<\/p>\n\n\n\n<p>En effet, le 9&nbsp;mai 1937, Jean Massadier r\u00e9unissait cinq gar\u00e7ons, au Patro de la rue Choron, \u00e0 la demande de l\u2019un des vicaires de la paroisse, dans le but de former une nouvelle troupe Scout de France, aid\u00e9 par Gaston Kolly.<\/p>\n\n\n\n<p>Le 27&nbsp;juin 1937, ce petit groupe comprenait 8 jeunes qui pronon\u00e7aient\n leur promesse devant le Commissaire Adjoint de District, Jean Doisteau \net des Scouts de la 31<sup>e<\/sup> Paris (Saint Jean de Montmartre), dirig\u00e9s par Charles Delseau. Une Meute est alors en cours de formation.<\/p>\n\n\n\n<figure class=\"wp-block-image\"><img decoding=\"async\" src=\"https:\/\/www.latoilescoute.net\/IMG\/bmp\/52eme_debut-3.bmp\" alt=\"\"\/><figcaption>\n\t\t<strong>1<sup>res<\/sup> promesses<\/strong>\n\t\t\n\t\t\n\t<\/figcaption><\/figure>\n\n\n\n<p>En octobre 1937,un week-end de rentr\u00e9e relance les activit\u00e9s. Le \n19&nbsp;d\u00e9cembre, 3 patrouilles sont form\u00e9es, le Coucou (Yves Ertzbischoff et\n Maurice Petit), l\u2019Hirondelle (Michel Barberousse et Claude \nErtzbischoff), et l\u2019Alouette (Jacques Vilfrid et Maurice Bredault). Le \nrecrutement continue. La Meute est form\u00e9e de 3 sizaines, les Noirs (R. \nHodot), les Blancs (J. Beauchard) et les Gris (J. Auvray). Elle est \ndirig\u00e9e par Suzanne Devouge.<\/p>\n\n\n\n<p>Gabriel Bakalowicz rejoint la maitrise de la Troupe, et Fran\u00e7ois Le Perdriel prononce sa promesse en janvier 1938. <br>\nLe 23&nbsp;janvier des \u00ab\u00a0Olympiades\u00a0\u00bb regroupent les 2 Unit\u00e9s.<\/p>\n\n\n\n<p>Enfin le grand jour arrive. Le 20&nbsp;f\u00e9vrier 1938, un grand \nrassemblement se tient au Patro, rue Choron. Le Groupe va \u00eatre affili\u00e9 \npar le Commissaire de Province d\u2019Ile-de-France Champetier de Ribes, \nl\u2019Aum\u00f4nier dioc\u00e9sain, Monsieur l\u2019Abb\u00e9 Le Cordier, Fran\u00e7oise Pistre, \nACPL, et le Commissaire de District Joseph Hiriart.<\/p>\n\n\n\n<p>On distingue dans l\u2019Assistance de nombreux Chefs et Parents, \nparticuli\u00e8rement le Pr\u00e9sident des Amis des Scouts de Paris Nord, Pierre \nDujat, et le Scoutmestre de District charg\u00e9 des ADS, Gaston \nCerbelaud-Salagnac.<\/p>\n\n\n\n<p>Bien entendu, Monsieur le Chanoine Carretier, Cur\u00e9 de N-D de Lorette, et ses Vicaires, sont \u00e9galement pr\u00e9sents.<\/p>\n\n\n\n<p>Des troupes et des Meutes de paroisses voisines, sont venues soutenir ce nouveau Groupe ( 31<sup>e<\/sup>, 45<sup>e<\/sup>, 75<sup>e<\/sup>, 77<sup>e<\/sup>, 79<sup>e<\/sup>, 80<sup>e<\/sup> Paris et 3<sup>e<\/sup> Clichy)<\/p>\n\n\n\n<p>Diff\u00e9rentes c\u00e9r\u00e9monies de d\u00e9roulent alors&nbsp;:<\/p>\n\n\n\n<ul class=\"wp-block-list\"><li> Affiliation des 2 Unit\u00e9s<\/li><li> Nomination de l\u2019Aum\u00f4nier, Monsieur l\u2019Abb\u00e9 Renaud<\/li><li> Nomination du SMG et CT  Jean Massardier<\/li><li> Investiture de la Cheftaine de Meute Suzanne Devouge<\/li><li> Investiture de l\u2019ACT Gaston Kolly<\/li><li> Nomination des membres du Sous-Comit\u00e9 des ADS pr\u00e9sid\u00e9 par Monsieur Vicart<\/li><li> Investiture des Chefs de Patrouille et nomination de leurs seconds.<\/li><li> Remise de l\u2019\u00e9tendard de Groupe et du Fanion de la Meute<\/li><\/ul>\n\n\n\n<p>Apr\u00e8s cette c\u00e9r\u00e9monie, le Groupe adopte son foulard de Groupe \u00ab\u00a0Jaune \u00e0 bande Gris Clair\u00a0\u00bb<\/p>\n\n\n\n<figure class=\"wp-block-image\"><img decoding=\"async\" src=\"https:\/\/www.latoilescoute.net\/IMG\/bmp\/52eme_affiliation-2.bmp\" alt=\"\"\/><figcaption>\n\t\t<strong>affiliation du Groupe<\/strong>\n\t\t\n\t\t\n\t<\/figcaption><\/figure>\n\n\n\n<figure class=\"wp-block-image\"><img decoding=\"async\" src=\"https:\/\/www.latoilescoute.net\/IMG\/bmp\/52eme_investiture_des_CP-3.bmp\" alt=\"\"\/><\/figure>\n\n\n\n<p>Enfin un grand repas de f\u00eate r\u00e9unit \u00e0 midi tous les participants.<\/p>\n\n\n\n<p>Les 19 et 20&nbsp;mars 1938, c\u2019est la 1<sup>\u00e8re<\/sup> F\u00eate de Groupe. Elle obtient un grand succ\u00e8s, en particulier, l\u2019orchestre des Scouts.<\/p>\n\n\n\n<figure class=\"wp-block-image\"><img decoding=\"async\" src=\"https:\/\/www.latoilescoute.net\/IMG\/bmp\/Fete_de_Groupe-2.bmp\" alt=\"\"\/><figcaption>\n\t\t<strong>le programme de la f\u00eate<\/strong>\n\t\t\n\t\t\n\t<\/figcaption><\/figure>\n\n\n\n<figure class=\"wp-block-image\"><img decoding=\"async\" src=\"https:\/\/www.latoilescoute.net\/IMG\/bmp\/Fete_de_Groupe_001-3.bmp\" alt=\"\"\/><figcaption>\n\t\t<strong>l\u2019orchestre des Scouts<\/strong>\n\t\t\n\t\t\n\t<\/figcaption><\/figure>\n\n\n\n<p>Pendant les vacances de P\u00e2ques,un camp regroupant la Ma\u00eetrise et les Scouts de 2<sup>e<\/sup> classe (CP, SP et quelques 3<sup>e<\/sup> de pat.) a lieu \u00e0 Saint Martin du Tertre dans la propri\u00e9t\u00e9 de Madame Magnier. La Haute Patrouille est form\u00e9e et prend le nom de de l\u2019Ecureuil.<\/p>\n\n\n\n<p>A la Pentec\u00f4te 1938 se d\u00e9roule le Rally de District Paris-Nord. 43 patrouilles sont ressembl\u00e9es. Les Ecureuils de la 52<sup>e<\/sup> remportent le fanion de signalisation.<\/p>\n\n\n\n<p>Enfin du 14&nbsp;juillet au 2&nbsp;ao\u00fbt a lieu le camp d\u2019\u00e9t\u00e9 dans les C\u00e9vennes,\n \u00e0 Sainte Eulalie pr\u00e8s du Puy en Velay. La Maitrise est compos\u00e9e de Jean\n Massardier (CT), Gaston Kolly et Andr\u00e9 CORON (ACT), et du R.P. \nGoldbronn. Elle coordonne les 3 Patrouilles de la Troupe. De nombreuses \nrandonn\u00e9es permettent de d\u00e9couvrir cette magnifique r\u00e9gion, le Mont \nGerbier des Joncs, le lac d\u2019Issarl\u00e8s, le Mont M\u00e9zenc. Au sommet de \ncelui-ci, \u00e0 1754 m\u00e8tres d\u2019altitude, Maurice Petit est investi CP du \nCoucou. Cette patrouille remporte le concours de camp.<\/p>\n\n\n\n<p>En octobre 1938 Gabriel Bakalowicz remplace Jean Massardier \u00e0 la t\u00eate\n de la Troupe. Plusieurs \u00e9claireurs rejoignent la Route au Clan de \nDistrict. Gr\u00e2ce aux Louveteaux arrivant de la Meute, une 4<sup>e<\/sup> patrouille est fond\u00e9e, le Ramier.<\/p>\n\n\n\n<p>En janvier 1939, participation au Rally Provincial des Sizainiers et \nau Rally de District des Chefs de Patrouille. En f\u00e9vrier 1939, la \npatrouille de l\u2019Hirondelle est dissoute et elle est remplac\u00e9e par la \npatrouille de la Cigogne. Les 29 et 30&nbsp;avril se d\u00e9roule \u00e0 Senlis le \nRally du District Pars-Nord, regroupant Chefs, Routiers<sup><a href=\"https:\/\/www.latoilescoute.net\/routiers\">?<\/a><\/sup>, \u00c9claireurs et Louveteaux de ce territoire.<\/p>\n\n\n\n<p>Gaston Kolly devient Chef de Troupe.<\/p>\n\n\n\n<p> Celui-ci deviendra Chef de Groupe \u00e0 la lib\u00e9ration en 1945. La 52<sup>e<\/sup>,\n avec  Gaston Kolly, menuisier dans le quartier, joue un grand r\u00f4le dans\n le secours aux bless\u00e9s. Kolly, qui \u00e9tait d\u00e9j\u00e0 A. C. T. en 1938, est \nrest\u00e9 tr\u00e8s actif au service de la S\u00e9curit\u00e9 civile parisienne. Il est C. \nG. encore en 1965-1966  et reste tr\u00e8s proche du groupe&nbsp;: il est encore \nmentionn\u00e9 dans \u00ab\u00a0Paris scouts\u00a0\u00bb en 1976 et dans \u00ab\u00a0Scout\u00a0\u00bben 1980. C\u2019est un \ndes records de long\u00e9vit\u00e9 \u00e0 Paris<\/p>\n\n\n\n<p>Elle reprend de plus belle ses activit\u00e9s apr\u00e8s la guerre.<\/p>\n\n\n\n<p>Une patrouille, les Cigognes, est s\u00e9lectionn\u00e9e pour participer au \nJamboree de la Paix en 1947, \u00e0 Moissons. Pour cela, elle a r\u00e9alis\u00e9 un \nexploit d\u00e9crit dans le num\u00e9ro 221 de la revue SCOUT, de la Branche \n\u00c9claireurs&nbsp;:&nbsp;:<\/p>\n\n\n\n<p>\u00ab&nbsp;Les Cigognes de la 52<sup>e<\/sup>\n Paris ont explor\u00e9 pendant leurs activit\u00e9s de patrouille les richesses \nfossilif\u00e8res du sol de Cuis (Marne). Une lettre du Mus\u00e9um National \nd\u2019Histoire Naturelle de Paris \u00e9tablit de fa\u00e7on indiscutable que ces \nvaillants chercheurs, en d\u00e9couvrant des dents de \u201cPropachynolophuset\u201d de\n \u201cProtodichobune\u201d, ont apport\u00e9 une pr\u00e9cieuse contribution \u00e0 la science.&nbsp;\u00bb<\/p>\n\n\n\n<p>En 1947, le Chef de Troupe est Claude \u00c9tienne et Yves Delano\u00eb est \nAssistant (ACT). Fran\u00e7ois Le Perdriel, l\u2019un des premiers scouts de la \nTroupe est Assistant Chef de Groupe.)<\/p>\n\n\n\n<p>Une deuxi\u00e8me Meute est alors cr\u00e9\u00e9e, ce qui entra\u00eenera la cr\u00e9ation en 1949, de la 212<sup>e<\/sup> Paris <em>(affiliation en mai 1949, voir plus loin)<\/em>.<\/p>\n\n\n\n<p>\u00c0 cette \u00e9poque un Clan de Routiers avait \u00e9t\u00e9 cr\u00e9\u00e9 sous le nom \u00ab&nbsp;\u00c9toile du Matin&nbsp;\u00bb et regroupait beaucoup de scouts de ces 2 Troupes (52<sup>e<\/sup> et 212<sup>e<\/sup>).\n Il comprend au moins 3 \u00e9quipes. Le Chef de Clan est Raymond MARTIN, et \nla Ma\u00eetrise est compos\u00e9e de Fernand LEGNIER (ACC et CE), Michel BERTIN, \nG\u00e9rard PUISIEUX, Pierre BRIERE .<\/p>\n\n\n\n<p>Bernard SCHOPFER et Bernard LINDIMER font leur D\u00e9part Routier et<br>\nen 1950, Bernard LINDIMER devient ACC, puis Chef de Clan en 1951.<\/p>\n\n\n\n<p>De 1948 \u00e0 1950, la Troupe est dirig\u00e9e par Roland DAMOISEAU assist\u00e9 par Yves DELANOE, Alain et Jean RIOM.<\/p>\n\n\n\n<p>De 1950 \u00e0 1954, Victor Robert prend la direction de la Troupe. Il deviendra Chef de Groupe de la 132<sup>e<\/sup>\n Paris (Saint Roch) puis reprendra la responsabilit\u00e9 du Groupe ND de \nLorette en 1957. En 1953, la Cheftaine de Meute est Micheline WIENER<\/p>\n\n\n\n<p><em>En 1955, la Troupe semble \u00eatre \u00e9voqu\u00e9e dans un livre de la \u00ab&nbsp;collection Signe de Piste&nbsp;\u00bb, LE COUP D\u2019ENVOI, de Philippe AVRON.<\/em><\/p>\n\n\n\n<p>Le Chef de Troupe est alors Claude BORRELY et en 1956 Jacques \nBRESSON. La Cheftaine de Meute est H\u00e9l\u00e8ne GABRIE assist\u00e9e par H\u00e9l\u00e8ne de \nSAINT OURS, puis Janine VALSTAKAS.<\/p>\n\n\n\n<p>En 1957, le camp d\u2019\u00e9t\u00e9 a lieu \u00e0 Picherande, sous la direction de Pierre MORIN qui avait relanc\u00e9 la 212\u00e9me Paris.  Ce camp se termine par un rassemblement des Unit\u00e9s du District. En octobre 1957 les 2 Troupes fusionnent  et on commence \u00e0 mettre en \u0153uvre le \u00ab\u00a0projet Raider\u00a0\u00bb<\/p>\n\n\n\n<p>En 1959, Bernard LARCHEV\u00caQUE et Pierre MORIN sont Assistants Chef de Troupe, et Fran\u00e7oise KOLLY devient Cheftaine de Meute.<\/p>\n\n\n\n<p>La 52<sup>e<\/sup> participe au Grand Jeu National \u00ab&nbsp;Feu Vert&nbsp;\u00bb propos\u00e9 par l\u2019\u00e9quipe \u00c9claireurs, et elle est la seule Troupe parisienne class\u00e9e.<\/p>\n\n\n\n<p>Le camp de P\u00e2ques a lieu \u00e0 Marolles en Hurepoix.<\/p>\n\n\n\n<p><strong> <em>Elle est investie RAIDER en 1960<\/em> <\/strong>, sous la direction de Pierre MORIN, assist\u00e9 par Bernard LARCHEV\u00caQUE<\/p>\n\n\n\n<p>Le camp d\u2019\u00e9t\u00e9 1960 se d\u00e9roule en Loz\u00e8re, au Mas de la Barque o\u00f9 \nplusieurs \u00c9claireurs sont investis Raiders, dont G\u00e9rard SCHOPFER qui \nprendra la direction du Poste Pionniers en octobre 1964.<\/p>\n\n\n\n<p>Jean Pierre RANDIN, succ\u00e9dera (CT) \u00e0 Pierre Morin, avec Guy LAUTIER  \ncomme A.C.T. Ce dernier prendra en 1962 la direction de la Troupe et en \n1963, Jean Douville sera Chef de Troupe jusqu\u2019\u00e0 la r\u00e9forme \nPionniers-Rangers.<\/p>\n\n\n\n<p>La Cheftaine de Meute est Fran\u00e7oise MILLION.<\/p>\n\n\n\n<p>En octobre 1961 le Clan Routiers est dirig\u00e9 par Bernard LARCHEV\u00caQUE assist\u00e9 de Jean-Pierre RANDIN. En 1962,  la Communaut\u00e9 Route  regroupe  les Routiers de la 22<sup>e<\/sup> Paris (Saint Louis d\u2019Antin),  et ceux de la 52<sup>e<\/sup> \/ 212<sup>e<\/sup>, toujours sous le nom d\u2019Etoile du Matin.<\/p>\n\n\n\n<p>En 1962, un ancien de la 212<sup>e<\/sup> Paris, Bernard M\u00dcLLER sera Chef de Troupe. En 1963, les Routiers ont comme Chefs d\u2019\u00e9quipe nomm\u00e9s Jacques LEMIRE et Alain ROULOT.<\/p>\n\n\n\n<p>En 1964, le Groupe, avec l\u2019aide de Pierre MORIN, (Assistant Commissaire de R\u00e9gion \u00c9claireurs,  puis Coreg adjoint), adopte la <em>r\u00e9forme S.D.F.Pionniers-Rangers<\/em>. Claude DEQUIEK est Chef de Troupe Rangers, et Pierre MORIN fait fonction de Chef de Poste assist\u00e9 par Fran\u00e7ois-Marie DEVESSIER et de G\u00e9rard SCHOPFER. Le Chef de la Patrouille des Cigognes, Jean-Louis MILLOT, deviendra par la suite Assistant Chef de Troupe \u00e0 la 48<sup>e<\/sup> Paris.<\/p>\n\n\n\n<p>La Cheftaine de Meute est \u00c9lisabeth DUPONT.<\/p>\n\n\n\n<p>En octobre 1964, G\u00e9rard SCHOPFER et Marc ROCHE animent le poste \nPionniers. La Ma\u00eetrise Rangers est compos\u00e9e de Jean-Pierre BRAUN, Claude\n JOND, et Fran\u00e7ois-Marie DEVESSIER. L\u2019aum\u00f4nier est l\u2019Abb\u00e9 Michel \nGUITTET. A No\u00ebl 1964 un camp de ski est organis\u00e9 dans le Jura.<\/p>\n\n\n\n<p>Gaston KOLLY est encore Chef de Groupe. <em>(Rapellons que Gaston \nKolly , lorqu\u2019il \u00e9tait Chef de Groupe fut le promoteur des \u00ab\u00a0micro-bases\u00a0\u00bb\n pour accueillir des scouts dans divers lieux de la R\u00e9gion parisienne, \nCes constructions, \u00e0 la fois succinctes et \u00e9l\u00e9gantes, b\u00e2ties en pleine \nnature, assez proche d\u2019une gare SNCF, permettaient de pratiquer, le \ntemps d\u2019un W-E, toutes sortes d\u2019activit\u00e9s. Il permettra \u00e9galement, \nd\u2019abord \u00e0 N-D de Lorette, puis pour l\u2019ensemble des Pionniers de Paris, \nla mise en place de formations au secourisme  )<\/em><\/p>\n\n\n\n<p>A la rentr\u00e9e, en octobre 1965 le poste Pionnier<sup><a href=\"https:\/\/www.latoilescoute.net\/pionnier-17\">?<\/a><\/sup>,\n sur la proposition de G\u00e9rard MORVAN choisit son entreprise d\u2019\u00e9t\u00e9&nbsp;: la \ndescente de l\u2019Ard\u00e8che en kayack. Pour cela, il faudra tout au long de \nl\u2019ann\u00e9e, construire les embarcations. Ceci sera possible gr\u00e2ce au Chef \nde Groupe, Gaston Kolly, qui dirige une menuiserie dans le quartier. \nEnfin le grand jour arrive&nbsp;: \u00a0\u00bb <em>Munis de gilets de sauvetage de \nl\u2019arm\u00e9e am\u00e9ricaine, nous embarquons, au d\u00e9but juillet \u00e0 Vogu\u00eb et \nd\u00e9valons la rivi\u00e8re jusqu\u2019\u00e0 Vallon-Pont-d\u2019Arc\u2026 . Puis au menu du camp un\n chantier et des raids individuels dans la r\u00e9gion. Quelle chaleur\u2026\u00a0\u00bb<\/em><\/p>\n\n\n\n<p>En 1966, le poste Pionniers est dirig\u00e9 par G\u00e9rard SOUQUE (Assistant) \net Etienne NAFFRECHOUX ( Chef de Poste). Le Chef Rangers est toujours \nClaude DEQUIEK, Assistants Guy GRAFFET et Jean-Charles THURILLON. La \nMeute est dirig\u00e9e par Marie-Claude SAUNIER et l\u2019aum\u00f4nier est Monsieur \nl\u2019Abb\u00e9 LOCHET l<\/p>\n\n\n\n<p>Le poste effectue \u00e0 P\u00e2ques un camp sp\u00e9l\u00e9o, dans les grottes d\u2019Arcy-sur-Cure, du c\u00f4t\u00e9 d\u2019Avallon. En \u00e9t\u00e9, le camp s\u2019articule en 2 s\u00e9quences&nbsp;: durant 10 jours raid en \u00e9quipes dans les Alpes, puis un chantier dans la r\u00e9gion d\u2019Albertville. Jean-Pierre TRIN assure l\u2019intendance. Il prendra la responsabilit\u00e9 du Poste Pionniers en octobre 1966.<\/p>\n\n\n\n<p>A P\u00e2ques 1967, Les Pionniers font un camp itin\u00e9rant \u00e0 v\u00e9lo, et le \ncamp d\u2019\u00e9t\u00e9 se d\u00e9roule en Loz\u00e8re, \u00e0 Concoules, o\u00f9 le poste participe au \nrassemblement national Pionniers du \u00ab\u00a0Point Soleil\u00a0\u00bb au Mont Loz\u00e8re ( \nadduction d\u2019eau dans un village et  pose de la 1<sup>re<\/sup> pierre de la Chapelle du Mont Loz\u00e8re).<\/p>\n\n\n\n<p>P\u00e2ques 1968, participation au rassemblement Pionniers du Bourget, en \nSeine Saint Denis. Le camp d\u2019\u00e9t\u00e9 a lieu en Allemagne, avec des Scouts \nAllemands, dans le massif de l\u2019Eiffel.<\/p>\n\n\n\n<p> En 1969, pendant les vacances de P\u00e2ques, se d\u00e9roule un camp Franco-Allemand au Perthus, dans les Pyrenn\u00e9es orientales, et le camp d\u2019\u00e9t\u00e9  a lieu dans la vall\u00e9e de Chamonix, \u00e0 \u00ab\u00a0la Pierre \u00e0 B\u00e9rard\u00a0\u00bb.<\/p>\n\n\n\n<p>Pendant ces ann\u00e9es, Jean-Pierre TRIN est assist\u00e9 par G\u00e9rard MORVAN, \nAlain ESNAUKT, Jean-Pierre ROUBEAU, Alain RUEL et Emmanuel ESCALLE.<\/p>\n\n\n\n<p>Le responsable des Rangers  est d\u2019abord Michel HOUIST, puis Jean-Christophe THURILLON, qui est \u00e9galement ACD Rangers.<\/p>\n\n\n\n<p>Jean Pierre TRIN deviendra successivement Animateur Pionniers du \nDistrict Louvre, puis de Paris Nord, Animateur d\u00e9partemental Compagnons,\n Animateur r\u00e9gional \u00ab\u00a0Arc en ciel\u00a0\u00bb (scoutisme des handicap\u00e9s) puis \nCommissaire d\u00e9partemental de Paris, et Conseiller National. Il prendra \nensuite la responsabilit\u00e9 du Poste Pionnier et du Groupe de Saint \nS\u00e9verin-Saint Nicolas (67<sup>e<\/sup> Paris).<\/p>\n\n\n\n<p>La Ma\u00eetrise de la Meute est compos\u00e9e de Fran\u00e7oise HOUIST (CM) et de \nLaurence RUF (ACM) et les Aum\u00f4niers sont successivement l\u2019Abb\u00e9 Michel \nGUITTET, puis l\u2019Abb\u00e9 Michel JOUAN.<\/p>\n\n\n\n<p>Le clan Routier r\u00e9alise son projet de camp d\u2019\u00e9t\u00e9 en Irlande.<\/p>\n\n\n\n<p>La Troupe des Rangers a pour Chefs Marc DEQUIECK (CT) et Emmanuel  \nNAFFRECHOUX (ACTs) . Celui-ci deviendra Assistant Commissaire de \nDistrict Rangers (ACDRa). Michel de RUEL est Assistant Pionniers.<\/p>\n\n\n\n<p>En 1969 le Chef de Groupe est Andr\u00e9 PRADIER. Jean-Louis MARCHAIS \nassiste Pierre MORIN chez les Pionniers, et Claude LESAULNIER est Chef \nRangers avec Denis THURILLON, Jacques PAGET et Maurice PHAM.&nbsp;<\/p>\n\n\n\n<p>La famille HOUIST prend en charge la Meute&nbsp;: Fran\u00e7oise, Chef de Meute, Bernadette et Agn\u00e8s, Assistantes.<\/p>\n\n\n\n<p>Les rangers r\u00e9alisent leur camp d\u2019\u00e9t\u00e9 dans le Cotentin.<\/p>\n\n\n\n<p>Le camp d\u2019\u00e9t\u00e9 en 1970 s\u2019effectue dans l\u2019Allier apr\u00e8s un camp de P\u00e2ques en Touraine.<\/p>\n\n\n\n<p>En 1971, la 36<sup>e<\/sup> Paris <em>(ND de Bonne Nouvelle)<\/em> fusionne avec la 52<sup>e<\/sup>\n Paris. Les Rangers ont alors pour Chefs Jean-Marc LISCH (52), Jacques \nPAGET ( 36), et Michel MONNIER( ACT ). En 1972 celui-ci deviendra Chef \nde Troupe et Maurice BOS le remplacera en 1973.<\/p>\n\n\n\n<p>En 1974 le poste est anim\u00e9 par Beno\u00eet de DIESBACH assist\u00e9 de \nJean-Fran\u00e7ois HOUGUENADE et d\u2019Yves FAGE. Les Rangers ont pour \nResponsables Charly MAUZIER et Bernard de VALON.<\/p>\n\n\n\n<p><em>En 1975,le poste Pionniers ne semble plus avoir d\u2019activit\u00e9s<\/em>.<\/p>\n\n\n\n<p>Jean MASSON prend la responsabilit\u00e9 du Groupe en 1976. La Meute est \ndirig\u00e9e par Delphine HUIN. Quant aux Rangers, ils ont pour Chef Laurent \nROSPINI.<\/p>\n\n\n\n<p>En 1977 le Chef de Groupe est Yves DUBOURG. Les Compagnons ont pour Animatrice de Relais  (ANIREL), Delphine HUIN.<br>\nEn 1980 , le Chef de Troupe est Bernard EMFRIN, avec Yves LEBECHENNEC et J\u00e9r\u00f4me VACHON.<\/p>\n\n\n\n<p>En 1981 l\u2019aum\u00f4nier est monsieur l\u2019Abb\u00e9 Philippe BERNARD. Le Chef \nRangers est Thierry ZAGDOUN assist\u00e9, d\u2019abord par Vincent LEPINAY, puis \npar Guillaume MARIE.<\/p>\n\n\n\n<p>En 1987, Christophe MERIEL-BUSSY  est Assistant Chef de Troupe SCOUT, puisque le Mouvement a d\u00e9cid\u00e9 que la Branche RANGERS deviendrait dor\u00e9navant la Branche SCOUTS.<\/p>\n\n\n\n<p>Peu apr\u00e8s, le <strong>Groupe Saint-Jean de Montmartre<\/strong> fusionne avec le Groupe  Notre-Dame de Lorette. Ce Groupe  atteint alors un effectif de plus de 60 jeunes .<\/p>\n\n\n\n<p><em> <strong>Aujourd\u2019hui, ce Groupe est toujours en activit\u00e9 et bien vivant : il compte 5 unit\u00e9 et 2 \u00e9quipes compagnons pour un effectif de plus de 130 membres.<br><\/strong> <\/em><\/p>\n\n\n\n<p><strong> <em>Quelques photos\u2026..<\/em> <\/strong><\/p>\n\n\n\n<figure class=\"wp-block-image\"><img decoding=\"async\" src=\"https:\/\/www.latoilescoute.net\/IMG\/jpg\/scout-resp194.jpg?1536777883\" alt=\"\"\/><figcaption>\n\t\t<strong>camp 1957\n<\/strong>\n\t\tG\u00e9rard Schopfer\n\n\t\t\n\t<\/figcaption><\/figure>\n\n\n\n<figure class=\"wp-block-image\"><img decoding=\"async\" src=\"https:\/\/www.latoilescoute.net\/IMG\/jpg\/ct-resp194.jpg?1536777756\" alt=\"\"\/><figcaption>\n\t\t<strong>camp 1957\n<\/strong>\n\t\tPierre Morin et G\u00e9rard Morvan(Ti\u2019Pom)\n\n\t\t\n\t<\/figcaption><\/figure>\n\n\n\n<figure class=\"wp-block-image\"><img decoding=\"async\" src=\"https:\/\/www.latoilescoute.net\/IMG\/bmp\/l_arrivee_a_Sainte_Eulalie.bmp\" alt=\"\"\/><figcaption>\n\t\t<strong>l\u2019arriv\u00e9e \u00e0 Sainte Eulalie 1938<\/strong>\n\t\t\n\t\t\n\t<\/figcaption><\/figure>\n\n\n\n<figure class=\"wp-block-image\"><img decoding=\"async\" src=\"https:\/\/www.latoilescoute.net\/IMG\/bmp\/la_charette_de_l_Alouette.bmp\" alt=\"\"\/><figcaption>\n\t\t<strong>la charette de l\u2019Alouette<\/strong>\n\t\t\n\t\t\n\t<\/figcaption><\/figure>\n\n\n\n<figure class=\"wp-block-image\"><img decoding=\"async\" src=\"https:\/\/www.latoilescoute.net\/IMG\/bmp\/1er_petit_dejeuner_au_camp.bmp\" alt=\"\"\/><figcaption>\n\t\t<strong>le 1<sup>er<\/sup> petit d\u00e9jeuner au camp<\/strong>\n\t\t\n\t\t\n\t<\/figcaption><\/figure>\n\n\n\n<figure class=\"wp-block-image\"><img decoding=\"async\" src=\"https:\/\/www.latoilescoute.net\/IMG\/bmp\/la_Troupe_au_Mont_Gerbier_des_Joncs.bmp\" alt=\"\"\/><figcaption>\n\t\t<strong>la Troupe au Mont Gerbier des Joncs<\/strong>\n\t\t\n\t\t\n\t<\/figcaption><\/figure>\n\n\n\n<figure class=\"wp-block-image\"><img decoding=\"async\" src=\"https:\/\/www.latoilescoute.net\/IMG\/bmp\/Explo_au_Ray-Pic_avec_Jean_Massardier_et_Gaston_Kolly.bmp\" alt=\"\"\/><figcaption>\n\t\t<strong>Explo au Ray-Pic<\/strong>\n\t\t\n\t\t\n\t<\/figcaption><\/figure>\n","protected":false},"excerpt":{"rendered":"<p>La 52e Paris a \u00e9t\u00e9 affili\u00e9e en 1929. Elle est fond\u00e9e sur la paroisse \u00ab\u00a0Sainte Marie du Temple et Sainte \u00c9lisabeth \u00ab\u00a0, et prend le nom de Groupe Sainte-\u00c9lisabeth Une Meute de Louveteaux avait \u00e9t\u00e9 affili\u00e9e en d\u00e9cembre 1928 et semble avoir donn\u00e9 naissance au Groupe. Il adopte un foulard bleu fonc\u00e9 avec une bordure [&hellip;]<\/p>\n","protected":false},"author":2,"featured_media":0,"parent":0,"menu_order":0,"comment_status":"closed","ping_status":"closed","template":"","meta":{"ngg_post_thumbnail":0,"footnotes":""},"class_list":["post-37","page","type-page","status-publish","hentry"],"_links":{"self":[{"href":"https:\/\/www.sgdf-lorette.fr\/index.php?rest_route=\/wp\/v2\/pages\/37","targetHints":{"allow":["GET"]}}],"collection":[{"href":"https:\/\/www.sgdf-lorette.fr\/index.php?rest_route=\/wp\/v2\/pages"}],"about":[{"href":"https:\/\/www.sgdf-lorette.fr\/index.php?rest_route=\/wp\/v2\/types\/page"}],"author":[{"embeddable":true,"href":"https:\/\/www.sgdf-lorette.fr\/index.php?rest_route=\/wp\/v2\/users\/2"}],"replies":[{"embeddable":true,"href":"https:\/\/www.sgdf-lorette.fr\/index.php?rest_route=%2Fwp%2Fv2%2Fcomments&post=37"}],"version-history":[{"count":5,"href":"https:\/\/www.sgdf-lorette.fr\/index.php?rest_route=\/wp\/v2\/pages\/37\/revisions"}],"predecessor-version":[{"id":766,"href":"https:\/\/www.sgdf-lorette.fr\/index.php?rest_route=\/wp\/v2\/pages\/37\/revisions\/766"}],"wp:attachment":[{"href":"https:\/\/www.sgdf-lorette.fr\/index.php?rest_route=%2Fwp%2Fv2%2Fmedia&parent=37"}],"curies":[{"name":"wp","href":"https:\/\/api.w.org\/{rel}","templated":true}]}}