{"id":36,"date":"2017-09-14T23:59:36","date_gmt":"2017-09-14T21:59:36","guid":{"rendered":"https:\/\/www.sgdf-lorette.fr\/?page_id=36"},"modified":"2019-06-12T17:39:28","modified_gmt":"2019-06-12T15:39:28","slug":"compagnons","status":"publish","type":"page","link":"https:\/\/www.sgdf-lorette.fr\/?page_id=36","title":{"rendered":"Compagnons"},"content":{"rendered":"<p>Les compagnons sont les jeunes de 17 \u00e0 20 ans.<\/p>\n<p>L&rsquo;\u00e9quipe des INCOMPARABLES :<\/p>\n<p>-Z\u00e9lie Velay<br \/>\n&#8211; Jeanne Limousin<br \/>\n&#8211; Ma\u00eflys Pratz<\/p>\n<p>-Th\u00e9odore Rosenzweig<\/p>\n<p>L&rsquo;\u00e9quipe des COMPADNOM :<\/p>\n<p>&#8211; Ya\u00eblle Velay<br \/>\n&#8211; Perrine Vicogne<br \/>\n&#8211; Hanna Brisseau<br \/>\n&#8211; Cl\u00e9ment P\u00e9nicaut<br \/>\n&#8211; Marius Molinier<\/p>\n","protected":false},"excerpt":{"rendered":"<p>Les compagnons sont les jeunes de 17 \u00e0 20 ans. L&rsquo;\u00e9quipe des INCOMPARABLES : -Z\u00e9lie Velay &#8211; Jeanne Limousin &#8211; Ma\u00eflys Pratz -Th\u00e9odore Rosenzweig L&rsquo;\u00e9quipe des COMPADNOM : &#8211; Ya\u00eblle Velay &#8211; Perrine Vicogne &#8211; Hanna Brisseau &#8211; Cl\u00e9ment P\u00e9nicaut &#8211; Marius Molinier<\/p>\n","protected":false},"author":2,"featured_media":1183,"parent":0,"menu_order":6,"comment_status":"closed","ping_status":"closed","template":"","meta":{"ngg_post_thumbnail":0,"footnotes":""},"class_list":["post-36","page","type-page","status-publish","has-post-thumbnail","hentry"],"_links":{"self":[{"href":"https:\/\/www.sgdf-lorette.fr\/index.php?rest_route=\/wp\/v2\/pages\/36","targetHints":{"allow":["GET"]}}],"collection":[{"href":"https:\/\/www.sgdf-lorette.fr\/index.php?rest_route=\/wp\/v2\/pages"}],"about":[{"href":"https:\/\/www.sgdf-lorette.fr\/index.php?rest_route=\/wp\/v2\/types\/page"}],"author":[{"embeddable":true,"href":"https:\/\/www.sgdf-lorette.fr\/index.php?rest_route=\/wp\/v2\/users\/2"}],"replies":[{"embeddable":true,"href":"https:\/\/www.sgdf-lorette.fr\/index.php?rest_route=%2Fwp%2Fv2%2Fcomments&post=36"}],"version-history":[{"count":11,"href":"https:\/\/www.sgdf-lorette.fr\/index.php?rest_route=\/wp\/v2\/pages\/36\/revisions"}],"predecessor-version":[{"id":1226,"href":"https:\/\/www.sgdf-lorette.fr\/index.php?rest_route=\/wp\/v2\/pages\/36\/revisions\/1226"}],"wp:featuredmedia":[{"embeddable":true,"href":"https:\/\/www.sgdf-lorette.fr\/index.php?rest_route=\/wp\/v2\/media\/1183"}],"wp:attachment":[{"href":"https:\/\/www.sgdf-lorette.fr\/index.php?rest_route=%2Fwp%2Fv2%2Fmedia&parent=36"}],"curies":[{"name":"wp","href":"https:\/\/api.w.org\/{rel}","templated":true}]}}