{"id":33,"date":"2017-09-14T23:59:36","date_gmt":"2017-09-14T21:59:36","guid":{"rendered":"https:\/\/www.sgdf-lorette.fr\/?page_id=33"},"modified":"2019-01-12T19:08:04","modified_gmt":"2019-01-12T18:08:04","slug":"scouts-et-guides","status":"publish","type":"page","link":"https:\/\/www.sgdf-lorette.fr\/?page_id=33","title":{"rendered":"Scouts et Guides"},"content":{"rendered":"<p>La tribu regroupe les jeunes \u00e2g\u00e9s de 11 \u00e0 14 ans.<\/p>\n<p>Ma\u00eetrise :<br>\n&#8211; Malo Velay<br>\n&#8211; Arabela Simon-Cote<br>\n&#8211; Perrine Vicogne<br>\n&#8211; Constantin Mulsant<\/p>\n\n\n<figure class=\"wp-block-embed is-type-rich is-provider-groupe-sgdf-notre-dame-de-lorette\"><div class=\"wp-block-embed__wrapper\">\n<blockquote class=\"wp-embedded-content\" data-secret=\"E4rw0l5qEm\"><a href=\"https:\/\/www.sgdf-lorette.fr\/?p=832\">Week-ends d&rsquo;\u00e9quipage 2019<\/a><\/blockquote><iframe loading=\"lazy\" class=\"wp-embedded-content\" sandbox=\"allow-scripts\" security=\"restricted\" style=\"position: absolute; visibility: hidden;\" title=\"\u00ab\u00a0Week-ends d&rsquo;\u00e9quipage 2019\u00a0\u00bb &#8212; Groupe SGDF Notre-Dame de Lorette\" src=\"https:\/\/www.sgdf-lorette.fr\/?p=832&#038;embed=true#?secret=XY0LdG1dB9#?secret=E4rw0l5qEm\" data-secret=\"E4rw0l5qEm\" width=\"600\" height=\"338\" frameborder=\"0\" marginwidth=\"0\" marginheight=\"0\" scrolling=\"no\"><\/iframe>\n<\/div><\/figure>\n","protected":false},"excerpt":{"rendered":"<p>La tribu regroupe les jeunes \u00e2g\u00e9s de 11 \u00e0 14 ans. Ma\u00eetrise : &#8211; Malo Velay &#8211; Arabela Simon-Cote &#8211; Perrine Vicogne &#8211; Constantin Mulsant<\/p>\n","protected":false},"author":1,"featured_media":0,"parent":0,"menu_order":4,"comment_status":"closed","ping_status":"closed","template":"","meta":{"ngg_post_thumbnail":0,"footnotes":""},"class_list":["post-33","page","type-page","status-publish","hentry"],"_links":{"self":[{"href":"https:\/\/www.sgdf-lorette.fr\/index.php?rest_route=\/wp\/v2\/pages\/33","targetHints":{"allow":["GET"]}}],"collection":[{"href":"https:\/\/www.sgdf-lorette.fr\/index.php?rest_route=\/wp\/v2\/pages"}],"about":[{"href":"https:\/\/www.sgdf-lorette.fr\/index.php?rest_route=\/wp\/v2\/types\/page"}],"author":[{"embeddable":true,"href":"https:\/\/www.sgdf-lorette.fr\/index.php?rest_route=\/wp\/v2\/users\/1"}],"replies":[{"embeddable":true,"href":"https:\/\/www.sgdf-lorette.fr\/index.php?rest_route=%2Fwp%2Fv2%2Fcomments&post=33"}],"version-history":[{"count":5,"href":"https:\/\/www.sgdf-lorette.fr\/index.php?rest_route=\/wp\/v2\/pages\/33\/revisions"}],"predecessor-version":[{"id":836,"href":"https:\/\/www.sgdf-lorette.fr\/index.php?rest_route=\/wp\/v2\/pages\/33\/revisions\/836"}],"wp:attachment":[{"href":"https:\/\/www.sgdf-lorette.fr\/index.php?rest_route=%2Fwp%2Fv2%2Fmedia&parent=33"}],"curies":[{"name":"wp","href":"https:\/\/api.w.org\/{rel}","templated":true}]}}