{"id":32,"date":"2017-09-14T23:59:36","date_gmt":"2017-09-14T21:59:36","guid":{"rendered":"https:\/\/www.sgdf-lorette.fr\/?page_id=32"},"modified":"2019-02-20T19:28:39","modified_gmt":"2019-02-20T18:28:39","slug":"jeannettes","status":"publish","type":"page","link":"https:\/\/www.sgdf-lorette.fr\/?page_id=32","title":{"rendered":"Jeannettes"},"content":{"rendered":"\n<figure class=\"wp-block-image\"><img loading=\"lazy\" decoding=\"async\" width=\"1024\" height=\"768\" src=\"https:\/\/www.sgdf-lorette.fr\/wp-content\/uploads\/2019\/02\/45950179_1905333942835669_3952485697578860544_n-1024x768.jpg\" alt=\"\" class=\"wp-image-1202\" srcset=\"https:\/\/www.sgdf-lorette.fr\/wp-content\/uploads\/2019\/02\/45950179_1905333942835669_3952485697578860544_n-1024x768.jpg 1024w, https:\/\/www.sgdf-lorette.fr\/wp-content\/uploads\/2019\/02\/45950179_1905333942835669_3952485697578860544_n-300x225.jpg 300w, https:\/\/www.sgdf-lorette.fr\/wp-content\/uploads\/2019\/02\/45950179_1905333942835669_3952485697578860544_n-768x576.jpg 768w\" sizes=\"auto, (max-width: 1024px) 100vw, 1024px\" \/><figcaption>La maitrise Jeannettes<\/figcaption><\/figure>\n\n\n<p>La peuplade regroupe les filles \u00e2g\u00e9es de 8 \u00e0 11 ans.<\/p>\n<p>Ma\u00eetrise :<br>&#8211; Lucie Vivier<br>&#8211; Ya\u00eblle Velay<br>&#8211; Cl\u00e9ment P\u00e9nicaut<\/p>","protected":false},"excerpt":{"rendered":"<p>La peuplade regroupe les filles \u00e2g\u00e9es de 8 \u00e0 11 ans. Ma\u00eetrise :&#8211; Lucie Vivier&#8211; Ya\u00eblle Velay&#8211; Cl\u00e9ment P\u00e9nicaut<\/p>\n","protected":false},"author":2,"featured_media":0,"parent":0,"menu_order":3,"comment_status":"closed","ping_status":"closed","template":"","meta":{"ngg_post_thumbnail":0,"footnotes":""},"class_list":["post-32","page","type-page","status-publish","hentry"],"_links":{"self":[{"href":"https:\/\/www.sgdf-lorette.fr\/index.php?rest_route=\/wp\/v2\/pages\/32","targetHints":{"allow":["GET"]}}],"collection":[{"href":"https:\/\/www.sgdf-lorette.fr\/index.php?rest_route=\/wp\/v2\/pages"}],"about":[{"href":"https:\/\/www.sgdf-lorette.fr\/index.php?rest_route=\/wp\/v2\/types\/page"}],"author":[{"embeddable":true,"href":"https:\/\/www.sgdf-lorette.fr\/index.php?rest_route=\/wp\/v2\/users\/2"}],"replies":[{"embeddable":true,"href":"https:\/\/www.sgdf-lorette.fr\/index.php?rest_route=%2Fwp%2Fv2%2Fcomments&post=32"}],"version-history":[{"count":5,"href":"https:\/\/www.sgdf-lorette.fr\/index.php?rest_route=\/wp\/v2\/pages\/32\/revisions"}],"predecessor-version":[{"id":1204,"href":"https:\/\/www.sgdf-lorette.fr\/index.php?rest_route=\/wp\/v2\/pages\/32\/revisions\/1204"}],"wp:attachment":[{"href":"https:\/\/www.sgdf-lorette.fr\/index.php?rest_route=%2Fwp%2Fv2%2Fmedia&parent=32"}],"curies":[{"name":"wp","href":"https:\/\/api.w.org\/{rel}","templated":true}]}}