{"id":31,"date":"2017-09-14T23:59:36","date_gmt":"2017-09-14T21:59:36","guid":{"rendered":"https:\/\/www.sgdf-lorette.fr\/?page_id=31"},"modified":"2019-04-30T13:59:55","modified_gmt":"2019-04-30T11:59:55","slug":"louveteaux","status":"publish","type":"page","link":"https:\/\/www.sgdf-lorette.fr\/?page_id=31","title":{"rendered":"Louveteaux"},"content":{"rendered":"<p>La peuplade regroupe les gar\u00e7ons \u00e2g\u00e9s de 8 \u00e0 11 ans.<\/p>\n<p>Ma\u00eetrise :<br \/>\n&#8211; Hanna Brisseau<br \/>\n&#8211; Z\u00e9lie Velay<br \/>\n&#8211; Bastien Page<br \/>\n&#8211; Gr\u00e9goire Lucas<\/p>\n<figure id=\"attachment_683\" aria-describedby=\"caption-attachment-683\" style=\"width: 4032px\" class=\"wp-caption aligncenter\"><img loading=\"lazy\" decoding=\"async\" class=\"wp-image-683 size-full\" src=\"https:\/\/www.sgdf-lorette.fr\/wp-content\/uploads\/2018\/12\/maitrise-lvtx.jpg\" alt=\"\" width=\"4032\" height=\"3024\" srcset=\"https:\/\/www.sgdf-lorette.fr\/wp-content\/uploads\/2018\/12\/maitrise-lvtx.jpg 4032w, https:\/\/www.sgdf-lorette.fr\/wp-content\/uploads\/2018\/12\/maitrise-lvtx-300x225.jpg 300w, https:\/\/www.sgdf-lorette.fr\/wp-content\/uploads\/2018\/12\/maitrise-lvtx-768x576.jpg 768w, https:\/\/www.sgdf-lorette.fr\/wp-content\/uploads\/2018\/12\/maitrise-lvtx-1024x768.jpg 1024w\" sizes=\"auto, (max-width: 4032px) 100vw, 4032px\" \/><figcaption id=\"caption-attachment-683\" class=\"wp-caption-text\">Ma\u00eetrise 2018<\/figcaption><\/figure>\n","protected":false},"excerpt":{"rendered":"<p>La peuplade regroupe les gar\u00e7ons \u00e2g\u00e9s de 8 \u00e0 11 ans. Ma\u00eetrise : &#8211; Hanna Brisseau &#8211; Z\u00e9lie Velay &#8211; Bastien Page &#8211; Gr\u00e9goire Lucas<\/p>\n","protected":false},"author":2,"featured_media":1211,"parent":0,"menu_order":3,"comment_status":"closed","ping_status":"closed","template":"","meta":{"ngg_post_thumbnail":0,"footnotes":""},"class_list":["post-31","page","type-page","status-publish","has-post-thumbnail","hentry"],"_links":{"self":[{"href":"https:\/\/www.sgdf-lorette.fr\/index.php?rest_route=\/wp\/v2\/pages\/31","targetHints":{"allow":["GET"]}}],"collection":[{"href":"https:\/\/www.sgdf-lorette.fr\/index.php?rest_route=\/wp\/v2\/pages"}],"about":[{"href":"https:\/\/www.sgdf-lorette.fr\/index.php?rest_route=\/wp\/v2\/types\/page"}],"author":[{"embeddable":true,"href":"https:\/\/www.sgdf-lorette.fr\/index.php?rest_route=\/wp\/v2\/users\/2"}],"replies":[{"embeddable":true,"href":"https:\/\/www.sgdf-lorette.fr\/index.php?rest_route=%2Fwp%2Fv2%2Fcomments&post=31"}],"version-history":[{"count":13,"href":"https:\/\/www.sgdf-lorette.fr\/index.php?rest_route=\/wp\/v2\/pages\/31\/revisions"}],"predecessor-version":[{"id":715,"href":"https:\/\/www.sgdf-lorette.fr\/index.php?rest_route=\/wp\/v2\/pages\/31\/revisions\/715"}],"wp:featuredmedia":[{"embeddable":true,"href":"https:\/\/www.sgdf-lorette.fr\/index.php?rest_route=\/wp\/v2\/media\/1211"}],"wp:attachment":[{"href":"https:\/\/www.sgdf-lorette.fr\/index.php?rest_route=%2Fwp%2Fv2%2Fmedia&parent=31"}],"curies":[{"name":"wp","href":"https:\/\/api.w.org\/{rel}","templated":true}]}}